{"id":4037,"date":"2025-11-11T15:49:00","date_gmt":"2025-11-11T15:49:00","guid":{"rendered":"https:\/\/jocumccl.com.br\/?page_id=4037"},"modified":"2026-01-07T12:46:04","modified_gmt":"2026-01-07T12:46:04","slug":"spv","status":"publish","type":"page","link":"https:\/\/jocumccl.com.br\/en\/spv\/","title":{"rendered":"SPV 2026"},"content":{"rendered":"<div data-elementor-type=\"wp-page\" data-elementor-id=\"4037\" class=\"elementor elementor-4037\" data-elementor-post-type=\"page\">\n\t\t\t\t\t\t<section class=\"elementor-section elementor-top-section elementor-element elementor-element-13df6180 elementor-section-height-min-height elementor-section-boxed elementor-section-height-default elementor-section-items-middle\" data-id=\"13df6180\" data-element_type=\"section\" data-e-type=\"section\" data-settings=\"{&quot;background_background&quot;:&quot;classic&quot;,&quot;mdp_selection_sticky_effect_enable&quot;:false}\">\n\t\t\t\t\t\t\t<div class=\"elementor-background-overlay\"><\/div>\n\t\t\t\t\t\t\t<div class=\"elementor-container elementor-column-gap-default\">\n\t\t\t\t\t<div class=\"elementor-column elementor-col-100 elementor-top-column elementor-element elementor-element-152268c6\" data-id=\"152268c6\" data-element_type=\"column\" data-e-type=\"column\" data-settings=\"{&quot;background_background&quot;:&quot;classic&quot;,&quot;mdp_selection_sticky_column_effect_enable&quot;:false}\">\n\t\t\t<div class=\"elementor-widget-wrap elementor-element-populated\">\n\t\t\t\t\t\t<section class=\"elementor-section elementor-inner-section elementor-element elementor-element-59ade1c6 elementor-section-boxed elementor-section-height-default elementor-section-height-default\" data-id=\"59ade1c6\" data-element_type=\"section\" data-e-type=\"section\" data-settings=\"{&quot;background_background&quot;:&quot;classic&quot;,&quot;mdp_selection_sticky_effect_enable&quot;:false}\">\n\t\t\t\t\t\t<div class=\"elementor-container elementor-column-gap-default\">\n\t\t\t\t\t<div class=\"elementor-column elementor-col-100 elementor-inner-column elementor-element elementor-element-6606f687\" data-id=\"6606f687\" data-element_type=\"column\" data-e-type=\"column\" data-settings=\"{&quot;background_background&quot;:&quot;classic&quot;,&quot;mdp_selection_sticky_column_effect_enable&quot;:false}\">\n\t\t\t<div class=\"elementor-widget-wrap elementor-element-populated\">\n\t\t\t\t\t\t<section class=\"elementor-section elementor-inner-section elementor-element elementor-element-de9ac28 elementor-section-boxed elementor-section-height-default elementor-section-height-default\" data-id=\"de9ac28\" data-element_type=\"section\" data-e-type=\"section\" data-settings=\"{&quot;mdp_selection_sticky_effect_enable&quot;:false}\">\n\t\t\t\t\t\t<div class=\"elementor-container elementor-column-gap-default\">\n\t\t\t\t\t<div class=\"elementor-column elementor-col-100 elementor-inner-column elementor-element elementor-element-060aa0d\" data-id=\"060aa0d\" data-element_type=\"column\" data-e-type=\"column\" data-settings=\"{&quot;mdp_selection_sticky_column_effect_enable&quot;:false}\">\n\t\t\t<div class=\"elementor-widget-wrap elementor-element-populated\">\n\t\t\t\t\t\t<div class=\"elementor-element elementor-element-66d026e elementor-widget elementor-widget-heading\" data-id=\"66d026e\" data-element_type=\"widget\" data-e-type=\"widget\" data-widget_type=\"heading.default\">\n\t\t\t\t<div class=\"elementor-widget-container\">\n\t\t\t\t\t<h2 class=\"elementor-heading-title elementor-size-default\">Seminario palavra viva<\/h2>\t\t\t\t<\/div>\n\t\t\t\t<\/div>\n\t\t\t\t<div class=\"elementor-element elementor-element-16dcc6b elementor-invisible elementor-widget elementor-widget-heading\" data-id=\"16dcc6b\" data-element_type=\"widget\" data-e-type=\"widget\" data-settings=\"{&quot;_animation&quot;:&quot;headShake&quot;}\" data-widget_type=\"heading.default\">\n\t\t\t\t<div class=\"elementor-widget-container\">\n\t\t\t\t\t<h2 class=\"elementor-heading-title elementor-size-default\">SPV<\/h2>\t\t\t\t<\/div>\n\t\t\t\t<\/div>\n\t\t\t\t\t<\/div>\n\t\t<\/div>\n\t\t\t\t\t<\/div>\n\t\t<\/section>\n\t\t\t\t\t<\/div>\n\t\t<\/div>\n\t\t\t\t\t<\/div>\n\t\t<\/section>\n\t\t\t\t\t<\/div>\n\t\t<\/div>\n\t\t\t\t\t<\/div>\n\t\t<\/section>\n\t\t\t\t<section class=\"elementor-section elementor-top-section elementor-element elementor-element-1b75b9b4 elementor-section-boxed elementor-section-height-default elementor-section-height-default\" data-id=\"1b75b9b4\" data-element_type=\"section\" data-e-type=\"section\" data-settings=\"{&quot;background_background&quot;:&quot;classic&quot;,&quot;mdp_selection_sticky_effect_enable&quot;:false}\">\n\t\t\t\t\t\t<div class=\"elementor-container elementor-column-gap-default\">\n\t\t\t\t\t<div class=\"elementor-column elementor-col-100 elementor-top-column elementor-element elementor-element-794f0c9a\" data-id=\"794f0c9a\" data-element_type=\"column\" data-e-type=\"column\" data-settings=\"{&quot;mdp_selection_sticky_column_effect_enable&quot;:false}\">\n\t\t\t<div class=\"elementor-widget-wrap elementor-element-populated\">\n\t\t\t\t\t\t<div class=\"elementor-element elementor-element-e5f53bd elementor-widget elementor-widget-heading\" data-id=\"e5f53bd\" data-element_type=\"widget\" data-e-type=\"widget\" data-widget_type=\"heading.default\">\n\t\t\t\t<div class=\"elementor-widget-container\">\n\t\t\t\t\t<h4 class=\"elementor-heading-title elementor-size-large\">09 \u00e0 20 de fevereiro<\/h4>\t\t\t\t<\/div>\n\t\t\t\t<\/div>\n\t\t\t\t\t<\/div>\n\t\t<\/div>\n\t\t\t\t\t<\/div>\n\t\t<\/section>\n\t\t\t\t<section class=\"elementor-section elementor-top-section elementor-element elementor-element-64937869 elementor-section-boxed elementor-section-height-default elementor-section-height-default\" data-id=\"64937869\" data-element_type=\"section\" data-e-type=\"section\" data-settings=\"{&quot;background_background&quot;:&quot;classic&quot;,&quot;mdp_selection_sticky_effect_enable&quot;:false}\">\n\t\t\t\t\t\t<div class=\"elementor-container elementor-column-gap-default\">\n\t\t\t\t\t<div class=\"elementor-column elementor-col-100 elementor-top-column elementor-element elementor-element-20c17185\" data-id=\"20c17185\" data-element_type=\"column\" data-e-type=\"column\" data-settings=\"{&quot;mdp_selection_sticky_column_effect_enable&quot;:false}\">\n\t\t\t<div class=\"elementor-widget-wrap elementor-element-populated\">\n\t\t\t\t\t\t<div class=\"elementor-element elementor-element-50514d37 elementor-widget elementor-widget-text-editor\" data-id=\"50514d37\" data-element_type=\"widget\" data-e-type=\"widget\" data-widget_type=\"text-editor.default\">\n\t\t\t\t<div class=\"elementor-widget-container\">\n\t\t\t\t\t\t\t\t\t<p>\u201cO evangelho por mim anunciado n\u00e3o \u00e9 segundo o homem, porque eu n\u00e3o o recebi, nem o aprendi de homem algum, mas mediante revela\u00e7\u00e3o de Jesus Cristo.\u201d<br \/>(G\u00e1latas 1:11-12)<\/p><p>Quantos crist\u00e3os hoje t\u00eam essa convic\u00e7\u00e3o, de n\u00e3o viverem por doutrinas de homens, mas pela revela\u00e7\u00e3o do pr\u00f3prio Cristo?<br \/>Voc\u00ea tem?<\/p><p>A Escola Palavra Viva nasceu com esse prop\u00f3sito: treinar obreiros e filhos de Deus para que se alimentem diretamente da Palavra, ouvindo o pr\u00f3prio Jesus revelar as Escrituras atrav\u00e9s do Esp\u00edrito Santo.<br \/>Queremos que cada pessoa tenha seu pr\u00f3prio \u201ccaminho de Ema\u00fas\u201d, onde o cora\u00e7\u00e3o se aquece enquanto o Senhor fala.<\/p><p>Em fevereiro, abriremos um tempo especial da Escola para o Semin\u00e1rio Palavra Viva, para receber irm\u00e3os da igreja de todo o Brasil que desejam experimentar essa revela\u00e7\u00e3o pessoal de Jesus.<\/p><p>N\u00e3o prometemos preletores famosos, estruturas grandiosas ou multid\u00f5es.<br \/>Prometemos simplicidade, comunh\u00e3o, ora\u00e7\u00e3o, adora\u00e7\u00e3o, solitude e a Palavra Viva compartilhada entre cora\u00e7\u00f5es famintos por conhecer o Autor da Palavra.<\/p><p>Se o seu cora\u00e7\u00e3o tamb\u00e9m anseia por isso, esse convite\u00a0\u00e9\u00a0para\u00a0voc\u00ea.<\/p>\t\t\t\t\t\t\t\t<\/div>\n\t\t\t\t<\/div>\n\t\t\t\t<div class=\"elementor-element elementor-element-7c0bf61c elementor-widget-divider--view-line elementor-widget elementor-widget-divider\" data-id=\"7c0bf61c\" data-element_type=\"widget\" data-e-type=\"widget\" data-widget_type=\"divider.default\">\n\t\t\t\t<div class=\"elementor-widget-container\">\n\t\t\t\t\t\t\t<div class=\"elementor-divider\">\n\t\t\t<span class=\"elementor-divider-separator\">\n\t\t\t\t\t\t<\/span>\n\t\t<\/div>\n\t\t\t\t\t\t<\/div>\n\t\t\t\t<\/div>\n\t\t\t\t<section class=\"elementor-section elementor-inner-section elementor-element elementor-element-6546b2eb elementor-section-boxed elementor-section-height-default elementor-section-height-default\" data-id=\"6546b2eb\" data-element_type=\"section\" data-e-type=\"section\" data-settings=\"{&quot;mdp_selection_sticky_effect_enable&quot;:false}\">\n\t\t\t\t\t\t<div class=\"elementor-container elementor-column-gap-default\">\n\t\t\t\t\t<div class=\"elementor-column elementor-col-100 elementor-inner-column elementor-element elementor-element-2229a8dd\" data-id=\"2229a8dd\" data-element_type=\"column\" data-e-type=\"column\" data-settings=\"{&quot;mdp_selection_sticky_column_effect_enable&quot;:false}\">\n\t\t\t<div class=\"elementor-widget-wrap elementor-element-populated\">\n\t\t\t\t\t\t<div class=\"elementor-element elementor-element-88a1e2b elementor-widget elementor-widget-toggle\" data-id=\"88a1e2b\" data-element_type=\"widget\" data-e-type=\"widget\" data-widget_type=\"toggle.default\">\n\t\t\t\t<div class=\"elementor-widget-container\">\n\t\t\t\t\t\t\t<div class=\"elementor-toggle\">\n\t\t\t\t\t\t\t<div class=\"elementor-toggle-item\">\n\t\t\t\t\t<div id=\"elementor-tab-title-1431\" class=\"elementor-tab-title\" data-tab=\"1\" role=\"button\" aria-controls=\"elementor-tab-content-1431\" aria-expanded=\"false\">\n\t\t\t\t\t\t\t\t\t\t\t\t<span class=\"elementor-toggle-icon elementor-toggle-icon-left\" aria-hidden=\"true\">\n\t\t\t\t\t\t\t\t\t\t\t\t\t\t\t<span class=\"elementor-toggle-icon-closed\"><i class=\"fas fa-caret-right\"><\/i><\/span>\n\t\t\t\t\t\t\t\t<span class=\"elementor-toggle-icon-opened\"><i class=\"elementor-toggle-icon-opened fas fa-caret-up\"><\/i><\/span>\n\t\t\t\t\t\t\t\t\t\t\t\t\t<\/span>\n\t\t\t\t\t\t\t\t\t\t\t\t<a class=\"elementor-toggle-title\" tabindex=\"0\">PR\u00c9-REQUISITOS<\/a>\n\t\t\t\t\t<\/div>\n\n\t\t\t\t\t<div id=\"elementor-tab-content-1431\" class=\"elementor-tab-content elementor-clearfix\" data-tab=\"1\" role=\"region\" aria-labelledby=\"elementor-tab-title-1431\"><p>1. Ter o desejo de ser treinado para um crescimento espiritual mais intenso;<br>2. Ter um cora\u00e7\u00e3o ensin\u00e1vel e estar disposto a viver em obedi\u00eancia as normas e hor\u00e1rios do programa da escola;<br>3. Preencher corretamente, com transpar\u00eancia e veracidade, todos os itens do Formul\u00e1rio de Inscri\u00e7\u00e3o;<br>4. Encaminhar o Formul\u00e1rio de Inscri\u00e7\u00e3o;&nbsp;<span style=\"font-size: 17.6px;\">submetido a avalia\u00e7\u00e3o das informa\u00e7\u00f5es<\/span><br>5. Ter a autoriza\u00e7\u00e3o, libera\u00e7\u00e3o e ben\u00e7\u00e3o de sua lideran\u00e7a atual;<br>6. Ter o planejamento de um efetivo pagamento do curso (Inscri\u00e7\u00e3o e Valor do seminario)<\/p><\/div>\n\t\t\t\t<\/div>\n\t\t\t\t\t\t\t<div class=\"elementor-toggle-item\">\n\t\t\t\t\t<div id=\"elementor-tab-title-1432\" class=\"elementor-tab-title\" data-tab=\"2\" role=\"button\" aria-controls=\"elementor-tab-content-1432\" aria-expanded=\"false\">\n\t\t\t\t\t\t\t\t\t\t\t\t<span class=\"elementor-toggle-icon elementor-toggle-icon-left\" aria-hidden=\"true\">\n\t\t\t\t\t\t\t\t\t\t\t\t\t\t\t<span class=\"elementor-toggle-icon-closed\"><i class=\"fas fa-caret-right\"><\/i><\/span>\n\t\t\t\t\t\t\t\t<span class=\"elementor-toggle-icon-opened\"><i class=\"elementor-toggle-icon-opened fas fa-caret-up\"><\/i><\/span>\n\t\t\t\t\t\t\t\t\t\t\t\t\t<\/span>\n\t\t\t\t\t\t\t\t\t\t\t\t<a class=\"elementor-toggle-title\" tabindex=\"0\">INVESTIMENTO<\/a>\n\t\t\t\t\t<\/div>\n\n\t\t\t\t\t<div id=\"elementor-tab-content-1432\" class=\"elementor-tab-content elementor-clearfix\" data-tab=\"2\" role=\"region\" aria-labelledby=\"elementor-tab-title-1432\"><p><strong>Taxa de inscri\u00e7\u00e3o<\/strong>\u00a0no valor de\u00a0<strong>R$ 200,00<\/strong>, que dever\u00e1 ser paga assim que sua aprova\u00e7\u00e3o chegar at\u00e9 voc\u00ea.<\/p><p><strong>Valor do semin\u00e1rio: R$ 660,00<\/strong>. \u00c9 necess\u00e1rio que o aluno chegue na base para iniciar o curso com 50% da escola paga.<\/p><p><strong>INTERNET\u00a0<\/strong>R$125,00<\/p><p><strong>CRIAN\u00c7AS<\/strong><\/p><p>5 \u2013 11 anos: R$100,00<\/p><p>Acima de 12 anos: R$200,00<\/p><p><strong>FORMAS DE PAGAMENTO<\/strong><\/p><ul><li>Recebemos pagamentos por meio de: Pix, Dep\u00f3sito banc\u00e1rio, Cart\u00e3o de cr\u00e9dito, Transfer\u00eancias e\/ou Dinheiro em esp\u00e9cie;<\/li><li>Cart\u00e3o de cr\u00e9dito em 10x (inclui juros e taxa da maquininha), op\u00e7\u00e3o v\u00e1lida somente para o pagamento de 100% do valor da escola;<\/li><li>Oferecemos um desconto de 5% no valor da escola (sem contar a inscri\u00e7\u00e3o) para pagamentos \u00e0 vista \u2013 Pix, dinheiro em esp\u00e9cie ou dep\u00f3sito;<\/li><li>\u00c9 necess\u00e1rio que o aluno chegue para o curso com 50% do valor referente \u00e0 parte te\u00f3rica paga.<\/li><li>Realizamos o parcelamento dos 50% restante do valor para quitar o curso em at\u00e9 3 vezes iguais durante o per\u00edodo te\u00f3rico, pagando diretamente por Pix, transfer\u00eancia, dep\u00f3sito ou dinheiro<\/li><\/ul><p><strong>DADOS PARA PAGAMENTO<\/strong><\/p><p>Conta Jocum CCL<\/p><p>Banco: Sicoob \u2013 756<\/p><p>Ag\u00eancia: 4368<\/p><p>Conta Corrente: 77601-7<\/p><p>CNPJ: 17.430.193\/0001-13<\/p><p>PIX: CNPJ 17.430.193\/0001-13<\/p><p>Jovens Com Uma Miss\u00e3o Piraquara<\/p><p>Todos os dep\u00f3sitos dever\u00e3o ser IDENTIFICADOS, constando o nome do aluno como depositante. Os recibos de pagamento dever\u00e3o ser enviados pelo Whatsapp (41) 99953-4520, constando o nome do aluno. O comprovante de pagamento ser\u00e1 a garantia da sua vaga.<\/p><p><strong>POL\u00cdTICA DE REEMBOLSO<\/strong>:<\/p><ul><li>At\u00e9 o dia de chegada: 100%<\/li><li>At\u00e9 15 dias do in\u00edcio da escola: 50%<\/li><li>Ap\u00f3s 15 dias at\u00e9 30 dias do in\u00edcio da escola: 30%<\/li><li>Ap\u00f3s 30 dias do in\u00edcio da escola: 0%<\/li><li>N\u00e3o h\u00e1 reembolso da taxa de inscri\u00e7\u00e3o.<\/li><\/ul><p>O Reembolso \u00e9 proporcional ao valor pago da escola. Caso o aluno n\u00e3o tenha pago 50% do valor da escola a pol\u00edtica de reembolso n\u00e3o ser\u00e1 v\u00e1lida.<\/p><p><strong>MAIS INFORMA\u00c7\u00d5ES<\/strong><\/p><p><strong>CONTATO:<\/strong>\u00a0+55 41 99701-2149 \u2013 Whatsapp Kalinca Rabelo<\/p><p><strong>E-mail:<\/strong>\u00a0epvccl@gmail.com<\/p><\/div>\n\t\t\t\t<\/div>\n\t\t\t\t\t\t\t<div class=\"elementor-toggle-item\">\n\t\t\t\t\t<div id=\"elementor-tab-title-1433\" class=\"elementor-tab-title\" data-tab=\"3\" role=\"button\" aria-controls=\"elementor-tab-content-1433\" aria-expanded=\"false\">\n\t\t\t\t\t\t\t\t\t\t\t\t<span class=\"elementor-toggle-icon elementor-toggle-icon-left\" aria-hidden=\"true\">\n\t\t\t\t\t\t\t\t\t\t\t\t\t\t\t<span class=\"elementor-toggle-icon-closed\"><i class=\"fas fa-caret-right\"><\/i><\/span>\n\t\t\t\t\t\t\t\t<span class=\"elementor-toggle-icon-opened\"><i class=\"elementor-toggle-icon-opened fas fa-caret-up\"><\/i><\/span>\n\t\t\t\t\t\t\t\t\t\t\t\t\t<\/span>\n\t\t\t\t\t\t\t\t\t\t\t\t<a class=\"elementor-toggle-title\" tabindex=\"0\">O QUE TRAZER<\/a>\n\t\t\t\t\t<\/div>\n\n\t\t\t\t\t<div id=\"elementor-tab-content-1433\" class=\"elementor-tab-content elementor-clearfix\" data-tab=\"3\" role=\"region\" aria-labelledby=\"elementor-tab-title-1433\"><ul><li>Travesseiro;<\/li><li>Roupa de cama;<\/li><li>Cobertor, principalmente se voc\u00ea vir\u00e1 no per\u00edodo do inverno;<\/li><li>Roupas de frio, agasalho, moletom, etc;<\/li><li>Roupas confort\u00e1veis;<\/li><li>Pratos, copos e talheres;<\/li><li>Toalha de banho;<\/li><li>Material de higiene pessoal;<\/li><li>Caderno, canetas e l\u00e1pis;<\/li><li>Notebook, iPad, music player, instrumento musical (voc\u00ea \u00e9 respons\u00e1vel pela seguran\u00e7a de seus objetos pessoais dentro da base);<\/li><li>Mochila ou Mala;<\/li><li>.<\/li><\/ul><\/div>\n\t\t\t\t<\/div>\n\t\t\t\t\t\t\t<div class=\"elementor-toggle-item\">\n\t\t\t\t\t<div id=\"elementor-tab-title-1434\" class=\"elementor-tab-title\" data-tab=\"4\" role=\"button\" aria-controls=\"elementor-tab-content-1434\" aria-expanded=\"false\">\n\t\t\t\t\t\t\t\t\t\t\t\t<span class=\"elementor-toggle-icon elementor-toggle-icon-left\" aria-hidden=\"true\">\n\t\t\t\t\t\t\t\t\t\t\t\t\t\t\t<span class=\"elementor-toggle-icon-closed\"><i class=\"fas fa-caret-right\"><\/i><\/span>\n\t\t\t\t\t\t\t\t<span class=\"elementor-toggle-icon-opened\"><i class=\"elementor-toggle-icon-opened fas fa-caret-up\"><\/i><\/span>\n\t\t\t\t\t\t\t\t\t\t\t\t\t<\/span>\n\t\t\t\t\t\t\t\t\t\t\t\t<a class=\"elementor-toggle-title\" tabindex=\"0\">INFORMA\u00c7\u00d5ES \u00daTEIS<\/a>\n\t\t\t\t\t<\/div>\n\n\t\t\t\t\t<div id=\"elementor-tab-content-1434\" class=\"elementor-tab-content elementor-clearfix\" data-tab=\"4\" role=\"region\" aria-labelledby=\"elementor-tab-title-1434\"><p><strong>BAGAGEM<\/strong><br \/>Por favor verifique com sua empresa a\u00e9rea ou sobre limita\u00e7\u00f5es de bagagem antes de fazer as malas. Trazer somente o essencial pois o espa\u00e7o de armazenamento \u00e9 limitado nos quartos, com certeza no seu pr\u00e1tico voc\u00ea ir\u00e1 precisar apenas de coisas essenciais.<\/p><p><strong>LAVANDERIA<\/strong><br \/>Disponibilizamos uma lavanderia comunit\u00e1ria, que \u00e9 utilizada por toda a comunidade; para o uso \u00e9 gerado um custo de R$ 7,00 para lavadora e R$ 10,00 para secadora, o uso \u00e9 opcional pois temos tanques e varais tamb\u00e9m.<\/p><p><strong>CLIMA<\/strong><br \/>Curitiba localiza-se em um planalto, e o terreno plano com \u00e1reas inundadas contribuem para o seu inverno ameno e \u00famido com temperatura m\u00e9dia de 13 \u00b0C no m\u00eas mais frio, caindo por vezes abaixo de 2 \u00b0C em dias mais frios. Portanto previna-se trazendo cobertor. Durante o ver\u00e3o, a temperatura m\u00e9dia \u00e9 em torno de 21 \u00b0C, mas pode subir acima de 30 \u00b0C em dias mais quentes.<\/p><p><strong>ACOMODA\u00c7\u00d5ES<\/strong><br \/>Alojamentos na Jocum CCL s\u00e3o divididos da seguinte forma; todos os estudantes solteiros s\u00e3o alojados nos quartos com cinco at\u00e9 12 pessoas lembrando que os mesmos devem ser conscientes de limpar seu espa\u00e7o pessoal e habita\u00e7\u00e3o comum, s\u00e3o dois banheiros de uso comum. Fam\u00edlias e casais s\u00e3o alojados em apartamento com sala e cozinha comum sendo privado o dormit\u00f3rio e o banheiro, os apartamentos s\u00e3o equipados com geladeira, fog\u00e3o e espa\u00e7o limitado para armazenamento; a limpeza e ordem \u00e9 de responsabilidade dos usu\u00e1rios.<\/p><p><strong>ENERGIA<\/strong><br \/>\u00c9 muito importante observar a voltagem de seus eletros pessoais caso voc\u00ea traga, pois, nossa voltagem aqui \u00e9 110V. Outro ponto importante, temos uma limita\u00e7\u00e3o quanto ao uso de eletr\u00f4nicos com resist\u00eancia como (chapinha, secador, micro-ondas, etc.) nos hor\u00e1rios entre 18:00hr e 21:00hr \u00e9 proibido o uso.<\/p><p><strong>TRANSPORTE<\/strong><br \/>Nossa localidade \u00e9 na regi\u00e3o de ch\u00e1caras de Piraquara que faz parte da grande Curitiba, o transporte \u00e9 feito basicamente por carro, sendo poss\u00edvel a utiliza\u00e7\u00e3o de Uber, \u00d4nibus urbano (ponto fica \u00e0 20 min de caminhada) ou carro da base condicional a disponibilidade de hor\u00e1rios por conta do uso nos trabalhos, e tamb\u00e9m mediante a um custo vari\u00e1vel.<\/p><p><strong>CORRESPOND\u00caNCIAS<\/strong><br \/>Caso voc\u00ea precise enviar ou receber correspond\u00eancias nesse tempo utilizamos caixa postal, de uma \u00e0 duas vezes por semana obreiros estar\u00e3o verificando a mesma e trazendo as correspond\u00eancias; segue os dados:<\/p><p>A\/C Piraquara \u2013 Av. Get\u00falio Vargas, 678<br \/>Piraquara \u2013 PR \/ CEP 83.301-970 Cx. Postal 43<\/p><p><strong>COMIDA<\/strong><br \/>Nossas refei\u00e7\u00f5es s\u00e3o servidas em estilo buffet. Tr\u00eas refei\u00e7\u00f5es di\u00e1rias; caf\u00e9, almo\u00e7o e janta.<\/p><p><strong>IGREJA<\/strong><br \/>Domingo \u00e9 dia de igreja, somos encorajados a estar junto \u00e0 igreja local fazendo parte da comunidade.<\/p><\/div>\n\t\t\t\t<\/div>\n\t\t\t\t\t\t\t\t<\/div>\n\t\t\t\t\t\t<\/div>\n\t\t\t\t<\/div>\n\t\t\t\t\t<\/div>\n\t\t<\/div>\n\t\t\t\t\t<\/div>\n\t\t<\/section>\n\t\t\t\t<div class=\"elementor-element elementor-element-bba241a elementor-align-center elementor-widget elementor-widget-button\" data-id=\"bba241a\" data-element_type=\"widget\" data-e-type=\"widget\" data-widget_type=\"button.default\">\n\t\t\t\t<div class=\"elementor-widget-container\">\n\t\t\t\t\t\t\t\t\t<div class=\"elementor-button-wrapper\">\n\t\t\t\t\t<a class=\"elementor-button elementor-button-link elementor-size-sm\" href=\"https:\/\/forms.gle\/VgS7FKvLVL5XUscY7\" target=\"_blank\" rel=\"noopener\">\n\t\t\t\t\t\t<span class=\"elementor-button-content-wrapper\">\n\t\t\t\t\t\t\t\t\t<span class=\"elementor-button-text\">Inscreva-se<\/span>\n\t\t\t\t\t<\/span>\n\t\t\t\t\t<\/a>\n\t\t\t\t<\/div>\n\t\t\t\t\t\t\t\t<\/div>\n\t\t\t\t<\/div>\n\t\t\t\t<div class=\"elementor-element elementor-element-5db5cace elementor-widget-divider--view-line elementor-widget elementor-widget-divider\" data-id=\"5db5cace\" data-element_type=\"widget\" data-e-type=\"widget\" data-widget_type=\"divider.default\">\n\t\t\t\t<div class=\"elementor-widget-container\">\n\t\t\t\t\t\t\t<div class=\"elementor-divider\">\n\t\t\t<span class=\"elementor-divider-separator\">\n\t\t\t\t\t\t<\/span>\n\t\t<\/div>\n\t\t\t\t\t\t<\/div>\n\t\t\t\t<\/div>\n\t\t\t\t\t<\/div>\n\t\t<\/div>\n\t\t\t\t\t<\/div>\n\t\t<\/section>\n\t\t\t\t<\/div>","protected":false},"excerpt":{"rendered":"<p>Seminario palavra viva SPV 09 \u00e0 20 de fevereiro \u201cO evangelho por mim anunciado n\u00e3o \u00e9 segundo o homem, porque eu n\u00e3o o recebi, nem o aprendi de homem algum, mas mediante revela\u00e7\u00e3o de Jesus Cristo.\u201d(G\u00e1latas 1:11-12) Quantos crist\u00e3os hoje t\u00eam essa convic\u00e7\u00e3o, de n\u00e3o viverem por doutrinas de homens, mas pela revela\u00e7\u00e3o do pr\u00f3prio [&hellip;]<\/p>\n","protected":false},"author":2,"featured_media":0,"parent":0,"menu_order":0,"comment_status":"closed","ping_status":"closed","template":"elementor_header_footer","meta":{"footnotes":""},"class_list":["post-4037","page","type-page","status-publish","hentry"],"_links":{"self":[{"href":"https:\/\/jocumccl.com.br\/en\/wp-json\/wp\/v2\/pages\/4037","targetHints":{"allow":["GET"]}}],"collection":[{"href":"https:\/\/jocumccl.com.br\/en\/wp-json\/wp\/v2\/pages"}],"about":[{"href":"https:\/\/jocumccl.com.br\/en\/wp-json\/wp\/v2\/types\/page"}],"author":[{"embeddable":true,"href":"https:\/\/jocumccl.com.br\/en\/wp-json\/wp\/v2\/users\/2"}],"replies":[{"embeddable":true,"href":"https:\/\/jocumccl.com.br\/en\/wp-json\/wp\/v2\/comments?post=4037"}],"version-history":[{"count":0,"href":"https:\/\/jocumccl.com.br\/en\/wp-json\/wp\/v2\/pages\/4037\/revisions"}],"wp:attachment":[{"href":"https:\/\/jocumccl.com.br\/en\/wp-json\/wp\/v2\/media?parent=4037"}],"curies":[{"name":"wp","href":"https:\/\/api.w.org\/{rel}","templated":true}]}}