{"id":37,"date":"2023-02-03T02:54:36","date_gmt":"2023-02-03T02:54:36","guid":{"rendered":"https:\/\/jocumccl.com.br\/2023\/?page_id=37"},"modified":"2026-03-02T18:38:16","modified_gmt":"2026-03-02T18:38:16","slug":"niko","status":"publish","type":"page","link":"https:\/\/jocumccl.com.br\/en\/niko\/","title":{"rendered":"NIKO"},"content":{"rendered":"<div data-elementor-type=\"wp-page\" data-elementor-id=\"37\" class=\"elementor elementor-37\" data-elementor-post-type=\"page\">\n\t\t\t\t\t\t<section class=\"elementor-section elementor-top-section elementor-element elementor-element-cf84817 elementor-section-height-min-height elementor-section-boxed elementor-section-height-default elementor-section-items-middle\" data-id=\"cf84817\" data-element_type=\"section\" data-e-type=\"section\" data-settings=\"{&quot;background_background&quot;:&quot;classic&quot;,&quot;mdp_selection_sticky_effect_enable&quot;:false}\">\n\t\t\t\t\t\t\t<div class=\"elementor-background-overlay\"><\/div>\n\t\t\t\t\t\t\t<div class=\"elementor-container elementor-column-gap-default\">\n\t\t\t\t\t<div class=\"elementor-column elementor-col-100 elementor-top-column elementor-element elementor-element-d75167d\" data-id=\"d75167d\" data-element_type=\"column\" data-e-type=\"column\" data-settings=\"{&quot;background_background&quot;:&quot;classic&quot;,&quot;mdp_selection_sticky_column_effect_enable&quot;:false}\">\n\t\t\t<div class=\"elementor-widget-wrap elementor-element-populated\">\n\t\t\t\t\t\t<section class=\"elementor-section elementor-inner-section elementor-element elementor-element-8f6a911 elementor-section-boxed elementor-section-height-default elementor-section-height-default\" data-id=\"8f6a911\" data-element_type=\"section\" data-e-type=\"section\" data-settings=\"{&quot;background_background&quot;:&quot;classic&quot;,&quot;mdp_selection_sticky_effect_enable&quot;:false}\">\n\t\t\t\t\t\t<div class=\"elementor-container elementor-column-gap-default\">\n\t\t\t\t\t<div class=\"elementor-column elementor-col-100 elementor-inner-column elementor-element elementor-element-0017a2d\" data-id=\"0017a2d\" data-element_type=\"column\" data-e-type=\"column\" data-settings=\"{&quot;background_background&quot;:&quot;classic&quot;,&quot;mdp_selection_sticky_column_effect_enable&quot;:false}\">\n\t\t\t<div class=\"elementor-widget-wrap elementor-element-populated\">\n\t\t\t\t\t\t<div class=\"elementor-element elementor-element-92a0998 elementor-widget elementor-widget-image\" data-id=\"92a0998\" data-element_type=\"widget\" data-e-type=\"widget\" data-widget_type=\"image.default\">\n\t\t\t\t<div class=\"elementor-widget-container\">\n\t\t\t\t\t\t\t\t\t\t\t\t\t\t\t<img fetchpriority=\"high\" decoding=\"async\" width=\"2048\" height=\"1314\" src=\"https:\/\/jocumccl.com.br\/wp-content\/uploads\/2025\/03\/NIKO-e1742403978313-2048x1314.png\" class=\"attachment-2048x2048 size-2048x2048 wp-image-3604\" alt=\"\" srcset=\"https:\/\/jocumccl.com.br\/wp-content\/uploads\/2025\/03\/NIKO-e1742403978313-2048x1314.png 2048w, https:\/\/jocumccl.com.br\/wp-content\/uploads\/2025\/03\/NIKO-e1742403978313-300x193.png 300w, https:\/\/jocumccl.com.br\/wp-content\/uploads\/2025\/03\/NIKO-e1742403978313-1024x657.png 1024w, https:\/\/jocumccl.com.br\/wp-content\/uploads\/2025\/03\/NIKO-e1742403978313-768x493.png 768w, https:\/\/jocumccl.com.br\/wp-content\/uploads\/2025\/03\/NIKO-e1742403978313-1536x986.png 1536w, https:\/\/jocumccl.com.br\/wp-content\/uploads\/2025\/03\/NIKO-e1742403978313-18x12.png 18w\" sizes=\"(max-width: 2048px) 100vw, 2048px\" \/>\t\t\t\t\t\t\t\t\t\t\t\t\t\t\t<\/div>\n\t\t\t\t<\/div>\n\t\t\t\t\t<\/div>\n\t\t<\/div>\n\t\t\t\t\t<\/div>\n\t\t<\/section>\n\t\t\t\t\t<\/div>\n\t\t<\/div>\n\t\t\t\t\t<\/div>\n\t\t<\/section>\n\t\t\t\t<section class=\"elementor-section elementor-top-section elementor-element elementor-element-0ef0caf elementor-section-boxed elementor-section-height-default elementor-section-height-default\" data-id=\"0ef0caf\" data-element_type=\"section\" data-e-type=\"section\" data-settings=\"{&quot;background_background&quot;:&quot;classic&quot;,&quot;mdp_selection_sticky_effect_enable&quot;:false}\">\n\t\t\t\t\t\t<div class=\"elementor-container elementor-column-gap-default\">\n\t\t\t\t\t<div class=\"elementor-column elementor-col-100 elementor-top-column elementor-element elementor-element-59c0332\" data-id=\"59c0332\" data-element_type=\"column\" data-e-type=\"column\" data-settings=\"{&quot;mdp_selection_sticky_column_effect_enable&quot;:false}\">\n\t\t\t<div class=\"elementor-widget-wrap elementor-element-populated\">\n\t\t\t\t\t\t<div class=\"elementor-element elementor-element-06e9484 elementor-widget elementor-widget-heading\" data-id=\"06e9484\" data-element_type=\"widget\" data-e-type=\"widget\" data-widget_type=\"heading.default\">\n\t\t\t\t<div class=\"elementor-widget-container\">\n\t\t\t\t\t<h2 class=\"elementor-heading-title elementor-size-default\">2 \u00e0 5 de abril<\/h2>\t\t\t\t<\/div>\n\t\t\t\t<\/div>\n\t\t\t\t<section class=\"elementor-section elementor-inner-section elementor-element elementor-element-1253169 elementor-section-boxed elementor-section-height-default elementor-section-height-default\" data-id=\"1253169\" data-element_type=\"section\" data-e-type=\"section\" data-settings=\"{&quot;mdp_selection_sticky_effect_enable&quot;:false}\">\n\t\t\t\t\t\t<div class=\"elementor-container elementor-column-gap-default\">\n\t\t\t\t\t<div class=\"elementor-column elementor-col-100 elementor-inner-column elementor-element elementor-element-a7b4496\" data-id=\"a7b4496\" data-element_type=\"column\" data-e-type=\"column\" data-settings=\"{&quot;mdp_selection_sticky_column_effect_enable&quot;:false}\">\n\t\t\t<div class=\"elementor-widget-wrap elementor-element-populated\">\n\t\t\t\t\t\t<div class=\"elementor-element elementor-element-a540da2 elementor-widget elementor-widget-heading\" data-id=\"a540da2\" data-element_type=\"widget\" data-e-type=\"widget\" data-widget_type=\"heading.default\">\n\t\t\t\t<div class=\"elementor-widget-container\">\n\t\t\t\t\t<h2 class=\"elementor-heading-title elementor-size-default\">um relacionameno com deus extremo<\/h2>\t\t\t\t<\/div>\n\t\t\t\t<\/div>\n\t\t\t\t\t<\/div>\n\t\t<\/div>\n\t\t\t\t\t<\/div>\n\t\t<\/section>\n\t\t\t\t\t<\/div>\n\t\t<\/div>\n\t\t\t\t\t<\/div>\n\t\t<\/section>\n\t\t\t\t<section class=\"elementor-section elementor-top-section elementor-element elementor-element-406f301 elementor-section-boxed elementor-section-height-default elementor-section-height-default\" data-id=\"406f301\" data-element_type=\"section\" data-e-type=\"section\" data-settings=\"{&quot;background_background&quot;:&quot;classic&quot;,&quot;mdp_selection_sticky_effect_enable&quot;:false}\">\n\t\t\t\t\t\t<div class=\"elementor-container elementor-column-gap-default\">\n\t\t\t\t\t<div class=\"elementor-column elementor-col-100 elementor-top-column elementor-element elementor-element-03b75b2\" data-id=\"03b75b2\" data-element_type=\"column\" data-e-type=\"column\" data-settings=\"{&quot;mdp_selection_sticky_column_effect_enable&quot;:false}\">\n\t\t\t<div class=\"elementor-widget-wrap elementor-element-populated\">\n\t\t\t\t\t\t<div class=\"elementor-element elementor-element-574bf4d elementor-widget-mobile__width-initial elementor-widget elementor-widget-text-editor\" data-id=\"574bf4d\" data-element_type=\"widget\" data-e-type=\"widget\" data-widget_type=\"text-editor.default\">\n\t\t\t\t<div class=\"elementor-widget-container\">\n\t\t\t\t\t\t\t\t\t<p>O NIKO \u00e9 parte de uma atividade a n\u00edvel mundial, dirigido por KKI (King&#8217;s Kids International). uma experi\u00eancia ao ar livre destinada a desafiar os jovens e l\u00edderes de jovens (de todas as idades) a um relacionamento mais profundo com Deus, enquanto \u00e9 desenvolvido seu potencial de lideran\u00e7a preparando &#8211; o para miss\u00f5es transculturais. O NIKO permite que voc\u00ea aprenda na \u201csala de aula da vida\u201d, fazendo, em vez de apenas ouvir. Esta experi\u00eancia pr\u00e1tica e em equipe ensinar\u00e1 voc\u00ea a crescer na interdepend\u00eancia. As li\u00e7\u00f5es experimentadas durante o NIKO o ajudar\u00e3o a entender mais sobre si e os dons que Deus lhe deu. Voc\u00ea come\u00e7ar\u00e1 a aprender o que o motiva e sobre seu estilo de lideran\u00e7a \u00fanica. A prioridade \u00e9 colocada no trabalho em equipe e perseveran\u00e7a. Voc\u00ea ser\u00e1 desafiado a usar a sua iniciativa, criatividade, compaix\u00e3o, responsabilidade e confian\u00e7a atrav\u00e9s do servi\u00e7o aos outros. Ao mesmo tempo, voc\u00ea conhecer\u00e1 mais sobre os outros em sua equipe, seus dons \u00fanicos, estilos de lideran\u00e7a, for\u00e7as e fraquezas. O NIKO vai desafi\u00e1 &#8211; lo a descobrir as fortalezas e fraquezas no seu mental, f\u00edsico, espiritual e emocional. Seu relacionamento com Deus e com os outros ser\u00e1 testado e\/ou comprovado por essa experi\u00eancia e atrav\u00e9s dos seus desafios f\u00edsicos. Voc\u00ea aprender\u00e1 a enfrentar as quest\u00f5es de lideran\u00e7a e crescer pessoalmente. Voc\u00ea ser\u00e1 obrigado a enfrentar e superar muitos obst\u00e1culos que ir\u00e3o ajud\u00e1 &#8211; lo quando se deparar com decis\u00f5es da vida futura.<br \/>VOC\u00ca vai aprender ou desenvolver mais seus potenciais em:<\/p><p>Lideran\u00e7a:<br \/>Compreender nossa influ\u00eancia. Lideran\u00e7a n\u00e3o \u00e9 sobre quem \u00e9 mais inteligente ou mais resistente, mas sobre as qualidades que todos n\u00f3s temos ou podemos desenvolver ao trabalhar.<\/p><p>Ren\u00fancia:<br \/>A entrega da minha vontade \u00e0 vontade de Deus. Quando voc\u00ea abra\u00e7ar a vontade de Deus como a sua, ent\u00e3o ele pode fazer o que Ele quer.<\/p><p>Trabalho em equipe:<br \/>Tudo o que fazemos ou n\u00e3o fazemos afeta algu\u00e9m. &#8220;Cada um de voc\u00eas n\u00e3o devem olhar apenas para seus pr\u00f3prios interesses, mas tamb\u00e9m aos interesses dos outros&#8221;. Fp 2:4<\/p><p>Servir:<br \/>Servir \u00e9 a express\u00e3o externa de entrega dentro. Servi\u00e7o \u00e9 uma a\u00e7\u00e3o nascida da motiva\u00e7\u00e3o.<\/p>\t\t\t\t\t\t\t\t<\/div>\n\t\t\t\t<\/div>\n\t\t\t\t<section class=\"elementor-section elementor-inner-section elementor-element elementor-element-963d56c elementor-section-boxed elementor-section-height-default elementor-section-height-default\" data-id=\"963d56c\" data-element_type=\"section\" data-e-type=\"section\" data-settings=\"{&quot;mdp_selection_sticky_effect_enable&quot;:false}\">\n\t\t\t\t\t\t<div class=\"elementor-container elementor-column-gap-default\">\n\t\t\t\t\t<div class=\"elementor-column elementor-col-100 elementor-inner-column elementor-element elementor-element-ace4f66\" data-id=\"ace4f66\" data-element_type=\"column\" data-e-type=\"column\" data-settings=\"{&quot;mdp_selection_sticky_column_effect_enable&quot;:false}\">\n\t\t\t<div class=\"elementor-widget-wrap elementor-element-populated\">\n\t\t\t\t\t\t<div class=\"elementor-element elementor-element-9f8ae40 elementor-widget elementor-widget-toggle\" data-id=\"9f8ae40\" data-element_type=\"widget\" data-e-type=\"widget\" data-widget_type=\"toggle.default\">\n\t\t\t\t<div class=\"elementor-widget-container\">\n\t\t\t\t\t\t\t<div class=\"elementor-toggle\">\n\t\t\t\t\t\t\t<div class=\"elementor-toggle-item\">\n\t\t\t\t\t<div id=\"elementor-tab-title-1671\" class=\"elementor-tab-title\" data-tab=\"1\" role=\"button\" aria-controls=\"elementor-tab-content-1671\" aria-expanded=\"false\">\n\t\t\t\t\t\t\t\t\t\t\t\t<span class=\"elementor-toggle-icon elementor-toggle-icon-left\" aria-hidden=\"true\">\n\t\t\t\t\t\t\t\t\t\t\t\t\t\t\t<span class=\"elementor-toggle-icon-closed\"><i class=\"fas fa-caret-right\"><\/i><\/span>\n\t\t\t\t\t\t\t\t<span class=\"elementor-toggle-icon-opened\"><i class=\"elementor-toggle-icon-opened fas fa-caret-up\"><\/i><\/span>\n\t\t\t\t\t\t\t\t\t\t\t\t\t<\/span>\n\t\t\t\t\t\t\t\t\t\t\t\t<a class=\"elementor-toggle-title\" tabindex=\"0\">PR\u00c9-REQUISITOS<\/a>\n\t\t\t\t\t<\/div>\n\n\t\t\t\t\t<div id=\"elementor-tab-content-1671\" class=\"elementor-tab-content elementor-clearfix\" data-tab=\"1\" role=\"region\" aria-labelledby=\"elementor-tab-title-1671\"><p>1. A partir de 16 anos, sendo menor de 18 \u00e9 necess\u00e1rio a aprova\u00e7\u00e3o dos seus pais e lideres.<br \/>2. Ter o desejo de ser treinado para um crescimento espiritual mais intenso;<br \/>3. Ter um cora\u00e7\u00e3o ensin\u00e1vel e estar disposto a viver em obedi\u00eancia as normas e hor\u00e1rios do programa da escola;<br \/>4. Preencher corretamente com transpar\u00eancia e veracidade todos os itens do Formul\u00e1rio de Inscri\u00e7\u00e3o.<br \/>5. Ter a autoriza\u00e7\u00e3o, libera\u00e7\u00e3o e ben\u00e7\u00e3o dos pais ou respons\u00e1veis, bem como do Pastor e lideran\u00e7a direta da sua igreja.<\/p><hr \/><\/div>\n\t\t\t\t<\/div>\n\t\t\t\t\t\t\t<div class=\"elementor-toggle-item\">\n\t\t\t\t\t<div id=\"elementor-tab-title-1672\" class=\"elementor-tab-title\" data-tab=\"2\" role=\"button\" aria-controls=\"elementor-tab-content-1672\" aria-expanded=\"false\">\n\t\t\t\t\t\t\t\t\t\t\t\t<span class=\"elementor-toggle-icon elementor-toggle-icon-left\" aria-hidden=\"true\">\n\t\t\t\t\t\t\t\t\t\t\t\t\t\t\t<span class=\"elementor-toggle-icon-closed\"><i class=\"fas fa-caret-right\"><\/i><\/span>\n\t\t\t\t\t\t\t\t<span class=\"elementor-toggle-icon-opened\"><i class=\"elementor-toggle-icon-opened fas fa-caret-up\"><\/i><\/span>\n\t\t\t\t\t\t\t\t\t\t\t\t\t<\/span>\n\t\t\t\t\t\t\t\t\t\t\t\t<a class=\"elementor-toggle-title\" tabindex=\"0\">INVESTIMENTO<\/a>\n\t\t\t\t\t<\/div>\n\n\t\t\t\t\t<div id=\"elementor-tab-content-1672\" class=\"elementor-tab-content elementor-clearfix\" data-tab=\"2\" role=\"region\" aria-labelledby=\"elementor-tab-title-1672\"><p><strong>Taxa de inscri\u00e7\u00e3o<\/strong> no valor de <strong>R$ 350,00 <\/strong>que dever\u00e1 ser paga assim que a sua aprova\u00e7\u00e3o chegar at\u00e9 voc\u00ea.<\/p><p><strong>FORMAS DE PAGAMENTO<\/strong><\/p><ul><li>Recebemos pagamentos por meio de: Pix, Dep\u00f3sito banc\u00e1rio, Cart\u00e3o de cr\u00e9dito ou Transfer\u00eancias.\u00a0<\/li><\/ul><p><strong>DADOS PARA PAGAMENTOS<\/strong><\/p><p>Banco: Sicoob \u2013 756<\/p><p>Ag\u00eancia: 4368<\/p><p>Conta Corrente: 77601-7<\/p><p>CNPJ: 17.430.193\/0001-13<\/p><p>PIX: CNPJ 17.430.193\/0001-13<\/p><p>Jovens Com Uma Miss\u00e3o Piraquara COOP SUL<\/p><p><strong>MAIS INFORMA\u00c7\u00d5ES<\/strong>:<\/p><ul><li>Todos os dep\u00f3sitos dever\u00e3o ser IDENTIFICADOS, constando o nome do aluno como depositante;<\/li><li>Os recibos de pagamento dever\u00e3o ser enviados pelo Whatsapp (41) 99953-4520, constando o nome do aluno;<\/li><li>O comprovante de pagamento ser\u00e1 a garantia da sua vaga;<\/li><li>O valor inclui hospedagem, alimenta\u00e7\u00e3o e despesas com a campanha<\/li><\/ul><p><strong>INFORMA\u00c7\u00d5ES DE CONTATO <\/strong><\/p><p><strong>CONTATO: <\/strong>+55 86994792072\u2013 Whatsapp Jo\u00e3o Carlos.\u00a0<\/p><\/div>\n\t\t\t\t<\/div>\n\t\t\t\t\t\t\t<div class=\"elementor-toggle-item\">\n\t\t\t\t\t<div id=\"elementor-tab-title-1673\" class=\"elementor-tab-title\" data-tab=\"3\" role=\"button\" aria-controls=\"elementor-tab-content-1673\" aria-expanded=\"false\">\n\t\t\t\t\t\t\t\t\t\t\t\t<span class=\"elementor-toggle-icon elementor-toggle-icon-left\" aria-hidden=\"true\">\n\t\t\t\t\t\t\t\t\t\t\t\t\t\t\t<span class=\"elementor-toggle-icon-closed\"><i class=\"fas fa-caret-right\"><\/i><\/span>\n\t\t\t\t\t\t\t\t<span class=\"elementor-toggle-icon-opened\"><i class=\"elementor-toggle-icon-opened fas fa-caret-up\"><\/i><\/span>\n\t\t\t\t\t\t\t\t\t\t\t\t\t<\/span>\n\t\t\t\t\t\t\t\t\t\t\t\t<a class=\"elementor-toggle-title\" tabindex=\"0\">INFORMA\u00c7\u00d5ES \u00daTEIS <\/a>\n\t\t\t\t\t<\/div>\n\n\t\t\t\t\t<div id=\"elementor-tab-content-1673\" class=\"elementor-tab-content elementor-clearfix\" data-tab=\"3\" role=\"region\" aria-labelledby=\"elementor-tab-title-1673\"><p><strong>DATAS<\/strong><\/p><p>Come\u00e7o do Niko: 2 de 2026<br \/>T\u00e9rmino: 5 de Abril de 2026<\/p><p><strong>BAGAGEM<\/strong> <br \/>Por favor verifique com sua empresa a\u00e9rea ou sobre limita\u00e7\u00f5es de bagagem antes de fazer as malas. Trazer somente o essencial pois o espa\u00e7o de armazenamento \u00e9 limitado nos quartos, com certeza no seu tempo pr\u00e1tico voc\u00ea ir\u00e1 precisar apenas das coisas essenciais que est\u00e3o na sua lista<\/p><p><strong>LAVANDERIA<\/strong> <br \/>Disponibilizamos uma lavanderia comunit\u00e1ria, que \u00e9 utilizada por toda a comunidade; para o uso \u00e9 gerado um custo de R$ 7,00 para lavadora e R$ 10,00 para secadora, o uso \u00e9 opcional pois temos tanques e varais tamb\u00e9m.<\/p><p><strong>CLIMA<\/strong> <br \/>Curitiba localiza-se em um planalto, e o <br \/>terreno plano com \u00e1reas inundadas contribuem para o seu inverno ameno e \u00famido com temperatura m\u00e9dia de 13 \u00b0C no m\u00eas mais frio, caindo por vezes abaixo de 2 \u00b0C em dias mais frios. Portanto previna-se trazendo cobertor. Durante o ver\u00e3o, a temperatura m\u00e9dia \u00e9 em torno de 21 \u00b0C, mas pode subir acima de 30 \u00b0C em dias mais quentes.<\/p><p><strong>ACOMODA\u00c7\u00d5ES<\/strong> <br \/>Alojamentos na Jocum CCL s\u00e3o divididos da seguinte forma; todos os estudantes solteiros s\u00e3o alojados nos quartos com cinco at\u00e9 12 pessoas lembrando que os mesmos devem ser conscientes de limpar seu espa\u00e7o pessoal e habita\u00e7\u00e3o comum, s\u00e3o dois banheiros de uso comum. Fam\u00edlias e casais s\u00e3o alojados em apartamento com sala e cozinha comum sendo privado o dormit\u00f3rio e o banheiro, os apartamentos s\u00e3o equipados com geladeira, fog\u00e3o e espa\u00e7o limitado para armazenamento; a limpeza e ordem \u00e9 de responsabilidade dos usu\u00e1rios.<\/p><p><strong>ENERGIA<\/strong> <br \/>\u00c9 muito importante observar a voltagem de seus eletros pessoais caso voc\u00ea traga, pois, nossa voltagem aqui \u00e9 110V.\u00a0<\/p><p><strong>TRANSPORTE<\/strong> <br \/>Nossa localidade \u00e9 na regi\u00e3o de ch\u00e1caras de Piraquara que faz parte da grande Curitiba, o transporte \u00e9 feito basicamente por carro, sendo poss\u00edvel a utiliza\u00e7\u00e3o de Uber, \u00d4nibus urbano (ponto fica \u00e0 20 min de caminhada) ou carro da base condicional a disponibilidade de hor\u00e1rios por conta do uso nos trabalhos, e tamb\u00e9m mediante a um custo vari\u00e1vel.<\/p><p><strong>CORRESPOND\u00caNCIAS<\/strong> <br \/>Caso voc\u00ea precise enviar ou receber correspond\u00eancias nesse tempo utilizamos caixa postal, de uma \u00e0 duas vezes por semana obreiros estar\u00e3o verificando a mesma e trazendo as correspond\u00eancias; segue os dados:<\/p><p>A\/C Piraquara \u2013 Av. Get\u00falio Vargas, 678 <br \/>Piraquara \u2013 PR \/ CEP 83.301-970 Cx. Postal 43<\/p><p><strong>COMIDA<\/strong> <br \/>As alimenta\u00e7\u00f5es est\u00e3o inclu\u00eddas no valor da campanha, pelo que no decorrer do evento voc\u00ea sera suprido de maneira saud\u00e1vel,\u00a0<\/p><\/div>\n\t\t\t\t<\/div>\n\t\t\t\t\t\t\t\t<\/div>\n\t\t\t\t\t\t<\/div>\n\t\t\t\t<\/div>\n\t\t\t\t\t<\/div>\n\t\t<\/div>\n\t\t\t\t\t<\/div>\n\t\t<\/section>\n\t\t\t\t<div class=\"elementor-element elementor-element-018830f elementor-widget-divider--view-line elementor-widget elementor-widget-divider\" data-id=\"018830f\" data-element_type=\"widget\" data-e-type=\"widget\" data-widget_type=\"divider.default\">\n\t\t\t\t<div class=\"elementor-widget-container\">\n\t\t\t\t\t\t\t<div class=\"elementor-divider\">\n\t\t\t<span class=\"elementor-divider-separator\">\n\t\t\t\t\t\t<\/span>\n\t\t<\/div>\n\t\t\t\t\t\t<\/div>\n\t\t\t\t<\/div>\n\t\t\t\t<div class=\"elementor-element elementor-element-ce1ad26 elementor-align-center elementor-widget elementor-widget-button\" data-id=\"ce1ad26\" data-element_type=\"widget\" data-e-type=\"widget\" data-widget_type=\"button.default\">\n\t\t\t\t<div class=\"elementor-widget-container\">\n\t\t\t\t\t\t\t\t\t<div class=\"elementor-button-wrapper\">\n\t\t\t\t\t<a class=\"elementor-button elementor-button-link elementor-size-sm\" href=\"https:\/\/docs.google.com\/forms\/u\/0\/d\/1VuWY1CeCr_-sePx_4YX9sf41pbRpFoWfiXpLRHLJeyU\/viewform?edit_requested=true\" target=\"_blank\" rel=\"noopener\">\n\t\t\t\t\t\t<span class=\"elementor-button-content-wrapper\">\n\t\t\t\t\t\t\t\t\t<span class=\"elementor-button-text\">INSCREVA-SE<\/span>\n\t\t\t\t\t<\/span>\n\t\t\t\t\t<\/a>\n\t\t\t\t<\/div>\n\t\t\t\t\t\t\t\t<\/div>\n\t\t\t\t<\/div>\n\t\t\t\t\t<\/div>\n\t\t<\/div>\n\t\t\t\t\t<\/div>\n\t\t<\/section>\n\t\t\t\t<section class=\"elementor-section elementor-top-section elementor-element elementor-element-5a85834 elementor-section-boxed elementor-section-height-default elementor-section-height-default\" data-id=\"5a85834\" data-element_type=\"section\" data-e-type=\"section\" data-settings=\"{&quot;background_background&quot;:&quot;classic&quot;,&quot;mdp_selection_sticky_effect_enable&quot;:false}\">\n\t\t\t\t\t\t\t<div class=\"elementor-background-overlay\"><\/div>\n\t\t\t\t\t\t\t<div class=\"elementor-container elementor-column-gap-default\">\n\t\t\t\t\t<div class=\"elementor-column elementor-col-100 elementor-top-column elementor-element elementor-element-1efd2a9\" data-id=\"1efd2a9\" data-element_type=\"column\" data-e-type=\"column\" data-settings=\"{&quot;mdp_selection_sticky_column_effect_enable&quot;:false}\">\n\t\t\t<div class=\"elementor-widget-wrap elementor-element-populated\">\n\t\t\t\t\t\t<div class=\"elementor-element elementor-element-6370c06 elementor-invisible elementor-widget elementor-widget-mdp-headinger-elementor\" data-id=\"6370c06\" data-element_type=\"widget\" data-e-type=\"widget\" data-settings=\"{&quot;_animation&quot;:&quot;fadeInUp&quot;}\" data-widget_type=\"mdp-headinger-elementor.default\">\n\t\t\t\t<div class=\"elementor-widget-container\">\n\t\t\t\t\t\n    <div id=\"mdp-6370c06\">\n\n\t\t            <div class=\"mdp-content-header mdp-color-content-header mdp-text-content-align mdp-text-content-margin mdp-shadow-content\">\n                <div class=\"mdp-typography-content-header\">\n\t\t\t\t\t                <\/div>\n            <\/div>\n\t\t\n\t\t\n            <div class=\"mdp-sub-heading mdp-sub-header-align mdp-subheading-margin\">\n                <div class=\"mdp-sub-header-box\">\n\t\t\t\t\t                    <div class=\"mdp-sub-heading-content mdp-typography-subheader mdp-shadow-subheader mdp-color-sub-header\" >\n\t\t\t\t\t\tSUPERE SEUS LIMITES                    <\/div>\n\n\t\t\t\t\t\n                <\/div>\n            <\/div>\n\n\t\t\n        <h2 class=\"mdp-header-text mdp-header-align\">\n\n\t\t\n        <div class=\"mdp-sub-header-box\">\n\t\t\t            <div class=\"mdp-typography-header mdp-typography-default-header mdp-shadow-header mdp-heading-margin mdp-headinger-box-style\">\n\t\t\t\tQUER PARTICIPAR DO NIKO?\n            <\/div>\n\n\t\t\t\n\t\t\t\t\n\t\t\t\t\n\t\t\t\t                    <div class=\"line mdp-header-line-bottom\"><\/div>\n\t\t\t\t\n\t\t\t\n        <\/div>\n\n\t\t\t\t\n\t\t\n        <\/h2>\n\n\t\t\n        <\/div>\n\n\t\t\t\t\t\t<\/div>\n\t\t\t\t<\/div>\n\t\t\t\t\t<\/div>\n\t\t<\/div>\n\t\t\t\t\t<\/div>\n\t\t<\/section>\n\t\t\t\t<\/div>","protected":false},"excerpt":{"rendered":"<p>2 \u00e0 5 de abril um relacionameno com deus extremo O NIKO \u00e9 parte de uma atividade a n\u00edvel mundial, dirigido por KKI (King&#8217;s Kids International). uma experi\u00eancia ao ar livre destinada a desafiar os jovens e l\u00edderes de jovens (de todas as idades) a um relacionamento mais profundo com Deus, enquanto \u00e9 desenvolvido seu [&hellip;]<\/p>\n","protected":false},"author":1,"featured_media":0,"parent":0,"menu_order":0,"comment_status":"closed","ping_status":"closed","template":"elementor_header_footer","meta":{"footnotes":""},"class_list":["post-37","page","type-page","status-publish","hentry"],"_links":{"self":[{"href":"https:\/\/jocumccl.com.br\/en\/wp-json\/wp\/v2\/pages\/37","targetHints":{"allow":["GET"]}}],"collection":[{"href":"https:\/\/jocumccl.com.br\/en\/wp-json\/wp\/v2\/pages"}],"about":[{"href":"https:\/\/jocumccl.com.br\/en\/wp-json\/wp\/v2\/types\/page"}],"author":[{"embeddable":true,"href":"https:\/\/jocumccl.com.br\/en\/wp-json\/wp\/v2\/users\/1"}],"replies":[{"embeddable":true,"href":"https:\/\/jocumccl.com.br\/en\/wp-json\/wp\/v2\/comments?post=37"}],"version-history":[{"count":0,"href":"https:\/\/jocumccl.com.br\/en\/wp-json\/wp\/v2\/pages\/37\/revisions"}],"wp:attachment":[{"href":"https:\/\/jocumccl.com.br\/en\/wp-json\/wp\/v2\/media?parent=37"}],"curies":[{"name":"wp","href":"https:\/\/api.w.org\/{rel}","templated":true}]}}