{"id":1439,"date":"2023-09-18T17:12:52","date_gmt":"2023-09-18T17:12:52","guid":{"rendered":"https:\/\/jocumccl.com.br\/?page_id=1439"},"modified":"2025-10-27T16:52:05","modified_gmt":"2025-10-27T16:52:05","slug":"emf-hosana","status":"publish","type":"page","link":"https:\/\/jocumccl.com.br\/en\/emf-hosana\/","title":{"rendered":"EMF- Hosana"},"content":{"rendered":"<div data-elementor-type=\"wp-page\" data-elementor-id=\"1439\" class=\"elementor elementor-1439\" data-elementor-post-type=\"page\">\n\t\t\t\t\t\t<section class=\"elementor-section elementor-top-section elementor-element elementor-element-6e55f951 elementor-section-height-min-height elementor-section-full_width elementor-section-content-middle elementor-section-height-default elementor-section-items-middle\" data-id=\"6e55f951\" data-element_type=\"section\" data-e-type=\"section\" data-settings=\"{&quot;background_background&quot;:&quot;classic&quot;,&quot;mdp_selection_sticky_effect_enable&quot;:false}\">\n\t\t\t\t\t\t\t<div class=\"elementor-background-overlay\"><\/div>\n\t\t\t\t\t\t\t<div class=\"elementor-container elementor-column-gap-default\">\n\t\t\t\t\t<div class=\"elementor-column elementor-col-100 elementor-top-column elementor-element elementor-element-27168642\" data-id=\"27168642\" data-element_type=\"column\" data-e-type=\"column\" data-settings=\"{&quot;background_background&quot;:&quot;classic&quot;,&quot;mdp_selection_sticky_column_effect_enable&quot;:false}\">\n\t\t\t<div class=\"elementor-widget-wrap\">\n\t\t\t\t\t\t\t<\/div>\n\t\t<\/div>\n\t\t\t\t\t<\/div>\n\t\t<\/section>\n\t\t\t\t<section class=\"elementor-section elementor-top-section elementor-element elementor-element-aa52318 elementor-section-boxed elementor-section-height-default elementor-section-height-default\" data-id=\"aa52318\" data-element_type=\"section\" data-e-type=\"section\" data-settings=\"{&quot;mdp_selection_sticky_effect_enable&quot;:false}\">\n\t\t\t\t\t\t<div class=\"elementor-container elementor-column-gap-default\">\n\t\t\t\t\t<div class=\"elementor-column elementor-col-100 elementor-top-column elementor-element elementor-element-1e94913\" data-id=\"1e94913\" data-element_type=\"column\" data-e-type=\"column\" data-settings=\"{&quot;mdp_selection_sticky_column_effect_enable&quot;:false}\">\n\t\t\t<div class=\"elementor-widget-wrap elementor-element-populated\">\n\t\t\t\t\t\t<div class=\"elementor-element elementor-element-3e9414d elementor-widget elementor-widget-heading\" data-id=\"3e9414d\" data-element_type=\"widget\" data-e-type=\"widget\" data-widget_type=\"heading.default\">\n\t\t\t\t<div class=\"elementor-widget-container\">\n\t\t\t\t\t<h4 class=\"elementor-heading-title elementor-size-large\">08 \u00e0 22 de Janeiro<\/h4>\t\t\t\t<\/div>\n\t\t\t\t<\/div>\n\t\t\t\t\t<\/div>\n\t\t<\/div>\n\t\t\t\t\t<\/div>\n\t\t<\/section>\n\t\t\t\t<section class=\"elementor-section elementor-top-section elementor-element elementor-element-2e040d64 elementor-section-boxed elementor-section-height-default elementor-section-height-default\" data-id=\"2e040d64\" data-element_type=\"section\" data-e-type=\"section\" data-settings=\"{&quot;background_background&quot;:&quot;gradient&quot;,&quot;mdp_selection_sticky_effect_enable&quot;:false}\">\n\t\t\t\t\t\t<div class=\"elementor-container elementor-column-gap-default\">\n\t\t\t\t\t<div class=\"elementor-column elementor-col-100 elementor-top-column elementor-element elementor-element-1bb7fe77\" data-id=\"1bb7fe77\" data-element_type=\"column\" data-e-type=\"column\" data-settings=\"{&quot;mdp_selection_sticky_column_effect_enable&quot;:false}\">\n\t\t\t<div class=\"elementor-widget-wrap elementor-element-populated\">\n\t\t\t\t\t\t<section class=\"elementor-section elementor-inner-section elementor-element elementor-element-6c45a7f2 elementor-section-boxed elementor-section-height-default elementor-section-height-default\" data-id=\"6c45a7f2\" data-element_type=\"section\" data-e-type=\"section\" data-settings=\"{&quot;mdp_selection_sticky_effect_enable&quot;:false}\">\n\t\t\t\t\t\t<div class=\"elementor-container elementor-column-gap-default\">\n\t\t\t\t\t<div class=\"elementor-column elementor-col-100 elementor-inner-column elementor-element elementor-element-3a7a22f0\" data-id=\"3a7a22f0\" data-element_type=\"column\" data-e-type=\"column\" data-settings=\"{&quot;mdp_selection_sticky_column_effect_enable&quot;:false}\">\n\t\t\t<div class=\"elementor-widget-wrap elementor-element-populated\">\n\t\t\t\t\t\t<div class=\"elementor-element elementor-element-4e661884 elementor-widget elementor-widget-heading\" data-id=\"4e661884\" data-element_type=\"widget\" data-e-type=\"widget\" data-widget_type=\"heading.default\">\n\t\t\t\t<div class=\"elementor-widget-container\">\n\t\t\t\t\t<h3 class=\"elementor-heading-title elementor-size-default\">GL\u00d3RIA A ELE NAS ALTURAS.<\/span>Dizendo: Bendito o Rei que vem em nome do Senhor; paz no c\u00e9u, e gl\u00f3ria nas alturas! Lucas 19.38<\/h3>\t\t\t\t<\/div>\n\t\t\t\t<\/div>\n\t\t\t\t\t<\/div>\n\t\t<\/div>\n\t\t\t\t\t<\/div>\n\t\t<\/section>\n\t\t\t\t\t<\/div>\n\t\t<\/div>\n\t\t\t\t\t<\/div>\n\t\t<\/section>\n\t\t\t\t<section class=\"elementor-section elementor-top-section elementor-element elementor-element-4dc1349e elementor-section-boxed elementor-section-height-default elementor-section-height-default\" data-id=\"4dc1349e\" data-element_type=\"section\" data-e-type=\"section\" data-settings=\"{&quot;background_background&quot;:&quot;classic&quot;,&quot;mdp_selection_sticky_effect_enable&quot;:false}\">\n\t\t\t\t\t\t<div class=\"elementor-container elementor-column-gap-default\">\n\t\t\t\t\t<div class=\"elementor-column elementor-col-100 elementor-top-column elementor-element elementor-element-3689321a\" data-id=\"3689321a\" data-element_type=\"column\" data-e-type=\"column\" data-settings=\"{&quot;mdp_selection_sticky_column_effect_enable&quot;:false}\">\n\t\t\t<div class=\"elementor-widget-wrap elementor-element-populated\">\n\t\t\t\t\t\t<div class=\"elementor-element elementor-element-432f03e elementor-widget-mobile__width-initial elementor-widget elementor-widget-text-editor\" data-id=\"432f03e\" data-element_type=\"widget\" data-e-type=\"widget\" data-widget_type=\"text-editor.default\">\n\t\t\t\t<div class=\"elementor-widget-container\">\n\t\t\t\t\t\t\t\t\t<div><div><div><p>Nesta edi\u00e7\u00e3o da EMF, vamos viver o verdadeiro sentido de \u201cHosana\u201d. Uma express\u00e3o que, ao mesmo tempo, exalta a gl\u00f3ria de Deus nas alturas e clama porSua ajuda aqui na terra. Ser\u00e3o dias para nosenchermos de adora\u00e7\u00e3o e mergulharmos emintercess\u00e3o, aprendendo a ouvir a Deus e ouvir oclamor das pessoas respondendo com amor e servi\u00e7o.<\/p><\/div><div><p>Hosana \u00e9 adora\u00e7\u00e3o que sobe e compaix\u00e3o querepousa sobre as na\u00e7\u00f5es. \u00c9 um encontro entre umDeus poderoso e um povo sedento.<\/p><\/div><\/div><\/div>\t\t\t\t\t\t\t\t<\/div>\n\t\t\t\t<\/div>\n\t\t\t\t<div class=\"elementor-element elementor-element-7467f20c elementor-widget elementor-widget-heading\" data-id=\"7467f20c\" data-element_type=\"widget\" data-e-type=\"widget\" data-widget_type=\"heading.default\">\n\t\t\t\t<div class=\"elementor-widget-container\">\n\t\t\t\t\t<h2 class=\"elementor-heading-title elementor-size-default\">Gl\u00f3ria a Ele nas alturas.<\/h2>\t\t\t\t<\/div>\n\t\t\t\t<\/div>\n\t\t\t\t<section class=\"elementor-section elementor-inner-section elementor-element elementor-element-38f3dd31 elementor-section-boxed elementor-section-height-default elementor-section-height-default\" data-id=\"38f3dd31\" data-element_type=\"section\" data-e-type=\"section\" data-settings=\"{&quot;mdp_selection_sticky_effect_enable&quot;:false}\">\n\t\t\t\t\t\t<div class=\"elementor-container elementor-column-gap-default\">\n\t\t\t\t\t<div class=\"elementor-column elementor-col-100 elementor-inner-column elementor-element elementor-element-1a854cb9\" data-id=\"1a854cb9\" data-element_type=\"column\" data-e-type=\"column\" data-settings=\"{&quot;mdp_selection_sticky_column_effect_enable&quot;:false}\">\n\t\t\t<div class=\"elementor-widget-wrap elementor-element-populated\">\n\t\t\t\t\t\t<div class=\"elementor-element elementor-element-53e723b4 elementor-widget elementor-widget-toggle\" data-id=\"53e723b4\" data-element_type=\"widget\" data-e-type=\"widget\" data-widget_type=\"toggle.default\">\n\t\t\t\t<div class=\"elementor-widget-container\">\n\t\t\t\t\t\t\t<div class=\"elementor-toggle\">\n\t\t\t\t\t\t\t<div class=\"elementor-toggle-item\">\n\t\t\t\t\t<div id=\"elementor-tab-title-1401\" class=\"elementor-tab-title\" data-tab=\"1\" role=\"button\" aria-controls=\"elementor-tab-content-1401\" aria-expanded=\"false\">\n\t\t\t\t\t\t\t\t\t\t\t\t<span class=\"elementor-toggle-icon elementor-toggle-icon-left\" aria-hidden=\"true\">\n\t\t\t\t\t\t\t\t\t\t\t\t\t\t\t<span class=\"elementor-toggle-icon-closed\"><i class=\"fas fa-caret-right\"><\/i><\/span>\n\t\t\t\t\t\t\t\t<span class=\"elementor-toggle-icon-opened\"><i class=\"elementor-toggle-icon-opened fas fa-caret-up\"><\/i><\/span>\n\t\t\t\t\t\t\t\t\t\t\t\t\t<\/span>\n\t\t\t\t\t\t\t\t\t\t\t\t<a class=\"elementor-toggle-title\" tabindex=\"0\">PR\u00c9-REQUISITOS<\/a>\n\t\t\t\t\t<\/div>\n\n\t\t\t\t\t<div id=\"elementor-tab-content-1401\" class=\"elementor-tab-content elementor-clearfix\" data-tab=\"1\" role=\"region\" aria-labelledby=\"elementor-tab-title-1401\"><ul><li>1. Idade m\u00ednima de 16 anos,<\/li><li>2. Ter um cora\u00e7\u00e3o ensin\u00e1vel e estar disposto a viver em obedi\u00eancia as normas e hor\u00e1rios do programa da escola;<\/li><li>3. Preencher corretamente com transpar\u00eancia e veracidade todos os itens do Formul\u00e1rio de Inscri\u00e7\u00e3o<\/li><li>4. Ter a autoriza\u00e7\u00e3o, libera\u00e7\u00e3o e ben\u00e7\u00e3o dos pais ou respons\u00e1veis, bem como do Pastor e lideran\u00e7a direta da sua igreja<\/li><li>5. Para alunos menores de idade \u00e9 necess\u00e1rio uma autoriza\u00e7\u00e3o dos respons\u00e1veis autenticada em cart\u00f3rio, nela precisa conter autoriza\u00e7\u00e3o para viagem a Matinhos<\/li><\/ul><\/div>\n\t\t\t\t<\/div>\n\t\t\t\t\t\t\t<div class=\"elementor-toggle-item\">\n\t\t\t\t\t<div id=\"elementor-tab-title-1402\" class=\"elementor-tab-title\" data-tab=\"2\" role=\"button\" aria-controls=\"elementor-tab-content-1402\" aria-expanded=\"false\">\n\t\t\t\t\t\t\t\t\t\t\t\t<span class=\"elementor-toggle-icon elementor-toggle-icon-left\" aria-hidden=\"true\">\n\t\t\t\t\t\t\t\t\t\t\t\t\t\t\t<span class=\"elementor-toggle-icon-closed\"><i class=\"fas fa-caret-right\"><\/i><\/span>\n\t\t\t\t\t\t\t\t<span class=\"elementor-toggle-icon-opened\"><i class=\"elementor-toggle-icon-opened fas fa-caret-up\"><\/i><\/span>\n\t\t\t\t\t\t\t\t\t\t\t\t\t<\/span>\n\t\t\t\t\t\t\t\t\t\t\t\t<a class=\"elementor-toggle-title\" tabindex=\"0\">INVESTIMENTO<\/a>\n\t\t\t\t\t<\/div>\n\n\t\t\t\t\t<div id=\"elementor-tab-content-1402\" class=\"elementor-tab-content elementor-clearfix\" data-tab=\"2\" role=\"region\" aria-labelledby=\"elementor-tab-title-1402\"><p><strong>PARTICIPANTES:<\/strong><\/p><p>As inscri\u00e7\u00f5es para a Escola Mission\u00e1ria de F\u00e9rias ser\u00e3o realizadas em tr\u00eas lotes, com valores diferenciados de acordo com o per\u00edodo da compra. Ao garantir sua vaga nos primeiros lotes, voc\u00ea garante um valor menor de investimento.<\/p><p>Lote 1: R$ 750,00 \u2013 dispon\u00edvel por 30 dias ou at\u00e9 o encerramento das vagas deste lote.<br \/>Lote 2: R$ 900,00 \u2013 dispon\u00edvel ap\u00f3s o encerramento do Lote 1, at\u00e9 o fim das vagas deste lote.<br \/>Lote 3: R$ 1.000,00 \u2013 dispon\u00edvel ap\u00f3s o encerramento do Lote 2, at\u00e9 o fim das vagas ou encerramento das inscri\u00e7\u00f5es.<br \/>Os valores correspondem ao investimento total da escola e as vagas s\u00e3o limitadas.<\/p><p>*Esses valores incluem hospedagem, alimenta\u00e7\u00e3o e despesas com a campanha.<\/p><p><strong> OBREIROS VOLUNT\u00c1RIOS:<\/strong> Valor da Inscri\u00e7\u00e3o e da campanha: R$ 570,00<\/p><p><strong>FORMAS DE PAGAMENTO<\/strong><\/p><ul><li>Ao realizar a sua inscri\u00e7\u00e3o voc\u00ea ter\u00e1 acesso ao link de pagamento da inscri\u00e7\u00e3o\u00a0 para efetivar o pagamento do valor da campanha, neste link \u00e9 poss\u00edvel realizar o pagamento por meio de Pix (\u00e0 vista), Boleto (\u00e0 vista) ou Cart\u00e3o de Cr\u00e9dito (em at\u00e9 4x);<\/li><li>Sem desconto para pagamentos \u00e0 vista;<\/li><li>N\u00e3o possui reembolso de nenhum valor pago;\u00a0<\/li><li>O participante deve iniciar a campanha com 100% dos custos quitados.<\/li><\/ul><p><strong>MAIS INFORMA\u00c7\u00d5ES CONTATO:<\/strong><\/p><p>11 96075-2041 Thais | 41 99941-3881 Larissa | 13 99116-9597 Felipe<br \/>E-mail: emfccl@gmail.c75<\/p><\/div>\n\t\t\t\t<\/div>\n\t\t\t\t\t\t\t\t<\/div>\n\t\t\t\t\t\t<\/div>\n\t\t\t\t<\/div>\n\t\t\t\t\t<\/div>\n\t\t<\/div>\n\t\t\t\t\t<\/div>\n\t\t<\/section>\n\t\t\t\t<div class=\"elementor-element elementor-element-a7e1cef elementor-widget elementor-widget-heading\" data-id=\"a7e1cef\" data-element_type=\"widget\" data-e-type=\"widget\" data-widget_type=\"heading.default\">\n\t\t\t\t<div class=\"elementor-widget-container\">\n\t\t\t\t\t<h2 class=\"elementor-heading-title elementor-size-default\">SEJA ENVIADO<\/h2>\t\t\t\t<\/div>\n\t\t\t\t<\/div>\n\t\t\t\t<div class=\"elementor-element elementor-element-ecca8dc elementor-align-center elementor-widget elementor-widget-button\" data-id=\"ecca8dc\" data-element_type=\"widget\" data-e-type=\"widget\" data-widget_type=\"button.default\">\n\t\t\t\t<div class=\"elementor-widget-container\">\n\t\t\t\t\t\t\t\t\t<div class=\"elementor-button-wrapper\">\n\t\t\t\t\t<a class=\"elementor-button elementor-button-link elementor-size-sm\" href=\"https:\/\/forms.gle\/dKyHoekTVJ8gxJsd8\" target=\"_blank\" rel=\"noopener\">\n\t\t\t\t\t\t<span class=\"elementor-button-content-wrapper\">\n\t\t\t\t\t\t\t\t\t<span class=\"elementor-button-text\">INSCRI\u00c7\u00c3O ALUNOS<\/span>\n\t\t\t\t\t<\/span>\n\t\t\t\t\t<\/a>\n\t\t\t\t<\/div>\n\t\t\t\t\t\t\t\t<\/div>\n\t\t\t\t<\/div>\n\t\t\t\t<div class=\"elementor-element elementor-element-d077e8a elementor-align-center elementor-widget elementor-widget-button\" data-id=\"d077e8a\" data-element_type=\"widget\" data-e-type=\"widget\" data-widget_type=\"button.default\">\n\t\t\t\t<div class=\"elementor-widget-container\">\n\t\t\t\t\t\t\t\t\t<div class=\"elementor-button-wrapper\">\n\t\t\t\t\t<a class=\"elementor-button elementor-button-link elementor-size-sm\" href=\"https:\/\/docs.google.com\/forms\/d\/e\/1FAIpQLSfgYzpBcNjBlrN5E5RUbWeLNzIhQ33fr09llawCVgg3hxzFFA\/viewform?usp=sharing&#038;ouid=114707540811223285573\" target=\"_blank\" rel=\"noopener\">\n\t\t\t\t\t\t<span class=\"elementor-button-content-wrapper\">\n\t\t\t\t\t\t\t\t\t<span class=\"elementor-button-text\">INSCRI\u00c7\u00c3O OBREIROS<\/span>\n\t\t\t\t\t<\/span>\n\t\t\t\t\t<\/a>\n\t\t\t\t<\/div>\n\t\t\t\t\t\t\t\t<\/div>\n\t\t\t\t<\/div>\n\t\t\t\t<div class=\"elementor-element elementor-element-4fde690 elementor-align-center elementor-widget elementor-widget-button\" data-id=\"4fde690\" data-element_type=\"widget\" data-e-type=\"widget\" data-widget_type=\"button.default\">\n\t\t\t\t<div class=\"elementor-widget-container\">\n\t\t\t\t\t\t\t\t\t<div class=\"elementor-button-wrapper\">\n\t\t\t\t\t<a class=\"elementor-button elementor-button-link elementor-size-sm\" href=\"https:\/\/wa.me\/+5511960752041\" target=\"_blank\" rel=\"noopener\">\n\t\t\t\t\t\t<span class=\"elementor-button-content-wrapper\">\n\t\t\t\t\t\t\t\t\t<span class=\"elementor-button-text\">Entre em contato<\/span>\n\t\t\t\t\t<\/span>\n\t\t\t\t\t<\/a>\n\t\t\t\t<\/div>\n\t\t\t\t\t\t\t\t<\/div>\n\t\t\t\t<\/div>\n\t\t\t\t<div class=\"elementor-element elementor-element-148fda7d elementor-widget-divider--view-line elementor-widget elementor-widget-divider\" data-id=\"148fda7d\" data-element_type=\"widget\" data-e-type=\"widget\" data-widget_type=\"divider.default\">\n\t\t\t\t<div class=\"elementor-widget-container\">\n\t\t\t\t\t\t\t<div class=\"elementor-divider\">\n\t\t\t<span class=\"elementor-divider-separator\">\n\t\t\t\t\t\t<\/span>\n\t\t<\/div>\n\t\t\t\t\t\t<\/div>\n\t\t\t\t<\/div>\n\t\t\t\t\t<\/div>\n\t\t<\/div>\n\t\t\t\t\t<\/div>\n\t\t<\/section>\n\t\t\t\t<section class=\"elementor-section elementor-top-section elementor-element elementor-element-61c7c947 elementor-section-boxed elementor-section-height-default elementor-section-height-default\" data-id=\"61c7c947\" data-element_type=\"section\" data-e-type=\"section\" data-settings=\"{&quot;background_background&quot;:&quot;classic&quot;,&quot;mdp_selection_sticky_effect_enable&quot;:false}\">\n\t\t\t\t\t\t\t<div class=\"elementor-background-overlay\"><\/div>\n\t\t\t\t\t\t\t<div class=\"elementor-container elementor-column-gap-default\">\n\t\t\t\t\t<div class=\"elementor-column elementor-col-100 elementor-top-column elementor-element elementor-element-741fcb83\" data-id=\"741fcb83\" data-element_type=\"column\" data-e-type=\"column\" data-settings=\"{&quot;mdp_selection_sticky_column_effect_enable&quot;:false}\">\n\t\t\t<div class=\"elementor-widget-wrap elementor-element-populated\">\n\t\t\t\t\t\t<div class=\"elementor-element elementor-element-2b774fed elementor-invisible elementor-widget elementor-widget-mdp-headinger-elementor\" data-id=\"2b774fed\" data-element_type=\"widget\" data-e-type=\"widget\" data-settings=\"{&quot;_animation&quot;:&quot;fadeInUp&quot;}\" data-widget_type=\"mdp-headinger-elementor.default\">\n\t\t\t\t<div class=\"elementor-widget-container\">\n\t\t\t\t\t\n    <div id=\"mdp-2b774fed\">\n\n\t\t            <div class=\"mdp-content-header mdp-color-content-header mdp-text-content-align mdp-text-content-margin mdp-shadow-content\">\n                <div class=\"mdp-typography-content-header\">\n\t\t\t\t\t                <\/div>\n            <\/div>\n\t\t\n\t\t\n            <div class=\"mdp-sub-heading mdp-sub-header-align mdp-subheading-margin\">\n                <div class=\"mdp-sub-header-box\">\n\t\t\t\t\t                    <div class=\"mdp-sub-heading-content mdp-typography-subheader mdp-shadow-subheader mdp-color-sub-header\" >\n\t\t\t\t\t\tUma comunidade Mentoreante                    <\/div>\n\n\t\t\t\t\t\n                <\/div>\n            <\/div>\n\n\t\t\n        <h2 class=\"mdp-header-text mdp-header-align\">\n\n\t\t\n        <div class=\"mdp-sub-header-box\">\n\t\t\t            <div class=\"mdp-typography-header mdp-typography-default-header mdp-shadow-header mdp-heading-margin mdp-headinger-box-style\">\n\t\t\t\tQUER PARTICIPAR Da EMF?\n            <\/div>\n\n\t\t\t\n\t\t\t\t\n\t\t\t\t\n\t\t\t\t                    <div class=\"line mdp-header-line-bottom\"><\/div>\n\t\t\t\t\n\t\t\t\n        <\/div>\n\n\t\t\t\t\n\t\t\n        <\/h2>\n\n\t\t\n        <\/div>\n\n\t\t\t\t\t\t<\/div>\n\t\t\t\t<\/div>\n\t\t\t\t<div class=\"elementor-element elementor-element-101bab64 elementor-invisible elementor-widget elementor-widget-text-editor\" data-id=\"101bab64\" data-element_type=\"widget\" data-e-type=\"widget\" data-settings=\"{&quot;_animation&quot;:&quot;fadeInUp&quot;}\" data-widget_type=\"text-editor.default\">\n\t\t\t\t<div class=\"elementor-widget-container\">\n\t\t\t\t\t\t\t\t\t<p>Fill out your information below!<\/p>\t\t\t\t\t\t\t\t<\/div>\n\t\t\t\t<\/div>\n\t\t\t\t\t<\/div>\n\t\t<\/div>\n\t\t\t\t\t<\/div>\n\t\t<\/section>\n\t\t\t\t<section class=\"elementor-section elementor-top-section elementor-element elementor-element-986c49e elementor-section-boxed elementor-section-height-default elementor-section-height-default\" data-id=\"986c49e\" data-element_type=\"section\" data-e-type=\"section\" data-settings=\"{&quot;mdp_selection_sticky_effect_enable&quot;:false}\">\n\t\t\t\t\t\t<div class=\"elementor-container elementor-column-gap-default\">\n\t\t\t\t\t<div class=\"elementor-column elementor-col-100 elementor-top-column elementor-element elementor-element-0a58b00\" data-id=\"0a58b00\" data-element_type=\"column\" data-e-type=\"column\" data-settings=\"{&quot;mdp_selection_sticky_column_effect_enable&quot;:false}\">\n\t\t\t<div class=\"elementor-widget-wrap\">\n\t\t\t\t\t\t\t<\/div>\n\t\t<\/div>\n\t\t\t\t\t<\/div>\n\t\t<\/section>\n\t\t\t\t<\/div>","protected":false},"excerpt":{"rendered":"<p>08 \u00e0 22 de Janeiro GL\u00d3RIA A ELE NAS ALTURAS.Dizendo: Bendito o Rei que vem em nome do Senhor; paz no c\u00e9u, e gl\u00f3ria nas alturas! Lucas 19.38 Nesta edi\u00e7\u00e3o da EMF, vamos viver o verdadeiro sentido de \u201cHosana\u201d. Uma express\u00e3o que, ao mesmo tempo, exalta a gl\u00f3ria de Deus nas alturas e clama porSua [&hellip;]<\/p>\n","protected":false},"author":2,"featured_media":0,"parent":0,"menu_order":0,"comment_status":"closed","ping_status":"closed","template":"elementor_header_footer","meta":{"footnotes":""},"class_list":["post-1439","page","type-page","status-publish","hentry"],"_links":{"self":[{"href":"https:\/\/jocumccl.com.br\/en\/wp-json\/wp\/v2\/pages\/1439","targetHints":{"allow":["GET"]}}],"collection":[{"href":"https:\/\/jocumccl.com.br\/en\/wp-json\/wp\/v2\/pages"}],"about":[{"href":"https:\/\/jocumccl.com.br\/en\/wp-json\/wp\/v2\/types\/page"}],"author":[{"embeddable":true,"href":"https:\/\/jocumccl.com.br\/en\/wp-json\/wp\/v2\/users\/2"}],"replies":[{"embeddable":true,"href":"https:\/\/jocumccl.com.br\/en\/wp-json\/wp\/v2\/comments?post=1439"}],"version-history":[{"count":0,"href":"https:\/\/jocumccl.com.br\/en\/wp-json\/wp\/v2\/pages\/1439\/revisions"}],"wp:attachment":[{"href":"https:\/\/jocumccl.com.br\/en\/wp-json\/wp\/v2\/media?parent=1439"}],"curies":[{"name":"wp","href":"https:\/\/api.w.org\/{rel}","templated":true}]}}